{"id":371,"date":"2019-10-22T03:48:39","date_gmt":"2019-10-22T03:48:39","guid":{"rendered":"https:\/\/adoquinesycelosias.com\/?post_type=product&#038;p=371"},"modified":"2019-12-04T23:34:21","modified_gmt":"2019-12-04T23:34:21","slug":"celosia-arana","status":"publish","type":"product","link":"https:\/\/adoquinesycelosias.com\/index.php\/product\/celosia-arana\/","title":{"rendered":"CELOS\u00cdA ARA\u00d1A"},"content":{"rendered":"","protected":false},"excerpt":{"rendered":"<h3>C\u00f3digo:\u00a0<span class=\"s1\">2050<\/span><\/h3>\n<p class=\"p1\"><span class=\"s1\">Medida: 30X30X10<\/span><\/p>\n<p>Piezas por Mt: 11<\/p>\n<p>Peso por Mt: 65<\/p>\n","protected":false},"featured_media":1018,"template":"","meta":[],"product_brand":[],"product_cat":[16],"product_tag":[19],"class_list":{"0":"post-371","1":"product","2":"type-product","3":"status-publish","4":"has-post-thumbnail","6":"product_cat-celosias","7":"product_tag-celosia","9":"first","10":"instock","11":"shipping-taxable","12":"product-type-simple"},"_links":{"self":[{"href":"https:\/\/adoquinesycelosias.com\/index.php\/wp-json\/wp\/v2\/product\/371","targetHints":{"allow":["GET"]}}],"collection":[{"href":"https:\/\/adoquinesycelosias.com\/index.php\/wp-json\/wp\/v2\/product"}],"about":[{"href":"https:\/\/adoquinesycelosias.com\/index.php\/wp-json\/wp\/v2\/types\/product"}],"wp:featuredmedia":[{"embeddable":true,"href":"https:\/\/adoquinesycelosias.com\/index.php\/wp-json\/wp\/v2\/media\/1018"}],"wp:attachment":[{"href":"https:\/\/adoquinesycelosias.com\/index.php\/wp-json\/wp\/v2\/media?parent=371"}],"wp:term":[{"taxonomy":"product_brand","embeddable":true,"href":"https:\/\/adoquinesycelosias.com\/index.php\/wp-json\/wp\/v2\/product_brand?post=371"},{"taxonomy":"product_cat","embeddable":true,"href":"https:\/\/adoquinesycelosias.com\/index.php\/wp-json\/wp\/v2\/product_cat?post=371"},{"taxonomy":"product_tag","embeddable":true,"href":"https:\/\/adoquinesycelosias.com\/index.php\/wp-json\/wp\/v2\/product_tag?post=371"}],"curies":[{"name":"wp","href":"https:\/\/api.w.org\/{rel}","templated":true}]}}