{"id":373,"date":"2019-10-22T03:51:42","date_gmt":"2019-10-22T03:51:42","guid":{"rendered":"https:\/\/adoquinesycelosias.com\/?post_type=product&#038;p=373"},"modified":"2019-10-22T03:51:44","modified_gmt":"2019-10-22T03:51:44","slug":"celosia-bunuelo","status":"publish","type":"product","link":"https:\/\/adoquinesycelosias.com\/index.php\/product\/celosia-bunuelo\/","title":{"rendered":"CELOS\u00cdA BU\u00d1UELO"},"content":{"rendered":"","protected":false},"excerpt":{"rendered":"<h3>C\u00f3digo: 2070<\/h3>\n<p class=\"p1\"><span class=\"s1\">Medida: 20x32x7<\/span><\/p>\n<p>Piezas por Mt: 15<\/p>\n<p>Peso por Mt: 45<\/p>\n","protected":false},"featured_media":274,"template":"","meta":[],"product_brand":[],"product_cat":[16],"product_tag":[19],"class_list":{"0":"post-373","1":"product","2":"type-product","3":"status-publish","4":"has-post-thumbnail","6":"product_cat-celosias","7":"product_tag-celosia","9":"first","10":"instock","11":"shipping-taxable","12":"product-type-simple"},"_links":{"self":[{"href":"https:\/\/adoquinesycelosias.com\/index.php\/wp-json\/wp\/v2\/product\/373","targetHints":{"allow":["GET"]}}],"collection":[{"href":"https:\/\/adoquinesycelosias.com\/index.php\/wp-json\/wp\/v2\/product"}],"about":[{"href":"https:\/\/adoquinesycelosias.com\/index.php\/wp-json\/wp\/v2\/types\/product"}],"wp:featuredmedia":[{"embeddable":true,"href":"https:\/\/adoquinesycelosias.com\/index.php\/wp-json\/wp\/v2\/media\/274"}],"wp:attachment":[{"href":"https:\/\/adoquinesycelosias.com\/index.php\/wp-json\/wp\/v2\/media?parent=373"}],"wp:term":[{"taxonomy":"product_brand","embeddable":true,"href":"https:\/\/adoquinesycelosias.com\/index.php\/wp-json\/wp\/v2\/product_brand?post=373"},{"taxonomy":"product_cat","embeddable":true,"href":"https:\/\/adoquinesycelosias.com\/index.php\/wp-json\/wp\/v2\/product_cat?post=373"},{"taxonomy":"product_tag","embeddable":true,"href":"https:\/\/adoquinesycelosias.com\/index.php\/wp-json\/wp\/v2\/product_tag?post=373"}],"curies":[{"name":"wp","href":"https:\/\/api.w.org\/{rel}","templated":true}]}}