{"id":389,"date":"2019-10-22T04:18:02","date_gmt":"2019-10-22T04:18:02","guid":{"rendered":"https:\/\/adoquinesycelosias.com\/?post_type=product&#038;p=389"},"modified":"2019-11-24T23:37:59","modified_gmt":"2019-11-24T23:37:59","slug":"celosia-domino","status":"publish","type":"product","link":"https:\/\/adoquinesycelosias.com\/index.php\/product\/celosia-domino\/","title":{"rendered":"CELOS\u00cdA DOMIN\u00d3"},"content":{"rendered":"","protected":false},"excerpt":{"rendered":"<h3>C\u00f3digo: 2250<\/h3>\n<p class=\"p1\"><span class=\"s1\">Medida: 24.5X48.5X6.5<\/span><\/p>\n<p>Piezas por Mt: 8<\/p>\n<p>Peso por Mt: 60<\/p>\n","protected":false},"featured_media":307,"template":"","meta":[],"product_brand":[],"product_cat":[16],"product_tag":[],"class_list":{"0":"post-389","1":"product","2":"type-product","3":"status-publish","4":"has-post-thumbnail","6":"product_cat-celosias","8":"first","9":"instock","10":"shipping-taxable","11":"product-type-simple"},"_links":{"self":[{"href":"https:\/\/adoquinesycelosias.com\/index.php\/wp-json\/wp\/v2\/product\/389","targetHints":{"allow":["GET"]}}],"collection":[{"href":"https:\/\/adoquinesycelosias.com\/index.php\/wp-json\/wp\/v2\/product"}],"about":[{"href":"https:\/\/adoquinesycelosias.com\/index.php\/wp-json\/wp\/v2\/types\/product"}],"wp:featuredmedia":[{"embeddable":true,"href":"https:\/\/adoquinesycelosias.com\/index.php\/wp-json\/wp\/v2\/media\/307"}],"wp:attachment":[{"href":"https:\/\/adoquinesycelosias.com\/index.php\/wp-json\/wp\/v2\/media?parent=389"}],"wp:term":[{"taxonomy":"product_brand","embeddable":true,"href":"https:\/\/adoquinesycelosias.com\/index.php\/wp-json\/wp\/v2\/product_brand?post=389"},{"taxonomy":"product_cat","embeddable":true,"href":"https:\/\/adoquinesycelosias.com\/index.php\/wp-json\/wp\/v2\/product_cat?post=389"},{"taxonomy":"product_tag","embeddable":true,"href":"https:\/\/adoquinesycelosias.com\/index.php\/wp-json\/wp\/v2\/product_tag?post=389"}],"curies":[{"name":"wp","href":"https:\/\/api.w.org\/{rel}","templated":true}]}}